{"id":20,"date":"2019-03-13T11:41:19","date_gmt":"2019-03-13T10:41:19","guid":{"rendered":"http:\/\/www.eco-medie.be\/?page_id=20"},"modified":"2020-10-13T22:12:17","modified_gmt":"2020-10-13T20:12:17","slug":"mes-autres-publications","status":"publish","type":"page","link":"https:\/\/www.eco-medie.be\/?page_id=20","title":{"rendered":"Mes autres publications"},"content":{"rendered":"\n<p>Voici quelques liens menant vers des working papers que j\u2019ai \u00e9crits et qui sont enregistr\u00e9s sur le site du MPRA li\u00e9 \u00e0 l\u2019Universit\u00e9 de Munich :<\/p>\n\n\n\n<ul><li><em><a href=\"https:\/\/mpra.ub.uni-muenchen.de\/64406\/\">Full cost, profit et concurrence<\/a><\/em><\/li><li><em><a href=\"https:\/\/mpra.ub.uni-muenchen.de\/69015\/\">Prix, taux de profit cible et pr\u00e9vention de l\u2019entr\u00e9e<\/a><\/em><\/li><li><a href=\"https:\/\/mpra.ub.uni-muenchen.de\/97663\/5\/MPRA_paper_97663.pdf\">Sommes-nous r\u00e9mun\u00e9r\u00e9s selon la productivit\u00e9 marginale ?<\/a><\/li><li><em><a href=\"https:\/\/mpra.ub.uni-muenchen.de\/89521\/\">Calcul socialiste et socialisme de march\u00e9<\/a><\/em><\/li><li><a href=\"https:\/\/mpra.ub.uni-muenchen.de\/99456\/\"><em>A Rational Theory of Producer\u2019s Equilibrium in Fifteen Principles<\/em><\/a><\/li><\/ul>\n\n\n\n<figure class=\"wp-block-image\"><img loading=\"lazy\" width=\"599\" height=\"323\" src=\"https:\/\/www.eco-medie.be\/wp-content\/uploads\/2020\/10\/stylo.jpg\" alt=\"\" class=\"wp-image-630\" srcset=\"https:\/\/www.eco-medie.be\/wp-content\/uploads\/2020\/10\/stylo.jpg 599w, https:\/\/www.eco-medie.be\/wp-content\/uploads\/2020\/10\/stylo-300x162.jpg 300w\" sizes=\"(max-width: 599px) 100vw, 599px\" \/><\/figure>\n\n\n\n<p><\/p>\n\n\n\n<p class=\"has-medium-font-size\"><p style=\"font-size:160%;\">Et j&rsquo;ai \u00e9galement un <strong>blog<\/strong> consacr\u00e9 \u00e0 l&rsquo;\u00e9conomie politique : <\/p><\/p>\n\n\n\n<p class=\"has-medium-font-size\"><p style=\"font-size:140%;\"><a href=\"http:\/\/eco-medie.over-blog.com\/\"> http:\/\/eco-medie.over-blog.com\/<\/a><\/p><\/p>\n\n\n\n<p><\/p>\n","protected":false},"excerpt":{"rendered":"<p>Voici quelques liens menant vers des working papers que j\u2019ai \u00e9crits et qui sont enregistr\u00e9s sur le site du MPRA li\u00e9 \u00e0 l\u2019Universit\u00e9 de Munich : Full cost, profit et concurrence Prix, taux de profit cible et pr\u00e9vention de l\u2019entr\u00e9e Sommes-nous r\u00e9mun\u00e9r\u00e9s selon la productivit\u00e9 marginale ? Calcul socialiste et socialisme de march\u00e9 A Rational [&hellip;]<\/p>\n","protected":false},"author":1,"featured_media":0,"parent":0,"menu_order":0,"comment_status":"closed","ping_status":"closed","template":"","meta":[],"_links":{"self":[{"href":"https:\/\/www.eco-medie.be\/index.php?rest_route=\/wp\/v2\/pages\/20"}],"collection":[{"href":"https:\/\/www.eco-medie.be\/index.php?rest_route=\/wp\/v2\/pages"}],"about":[{"href":"https:\/\/www.eco-medie.be\/index.php?rest_route=\/wp\/v2\/types\/page"}],"author":[{"embeddable":true,"href":"https:\/\/www.eco-medie.be\/index.php?rest_route=\/wp\/v2\/users\/1"}],"replies":[{"embeddable":true,"href":"https:\/\/www.eco-medie.be\/index.php?rest_route=%2Fwp%2Fv2%2Fcomments&post=20"}],"version-history":[{"count":15,"href":"https:\/\/www.eco-medie.be\/index.php?rest_route=\/wp\/v2\/pages\/20\/revisions"}],"predecessor-version":[{"id":631,"href":"https:\/\/www.eco-medie.be\/index.php?rest_route=\/wp\/v2\/pages\/20\/revisions\/631"}],"wp:attachment":[{"href":"https:\/\/www.eco-medie.be\/index.php?rest_route=%2Fwp%2Fv2%2Fmedia&parent=20"}],"curies":[{"name":"wp","href":"https:\/\/api.w.org\/{rel}","templated":true}]}}